{"id":2156,"date":"2026-01-06T15:42:49","date_gmt":"2026-01-06T13:42:49","guid":{"rendered":"https:\/\/glacierhotel.com.ua\/?page_id=2156"},"modified":"2026-02-12T01:24:56","modified_gmt":"2026-02-11T23:24:56","slug":"kindergarten","status":"publish","type":"page","link":"https:\/\/glacierhotel.com.ua\/ro\/gradinita\/","title":{"rendered":"Gr\u0103dini\u0163\u0103"},"content":{"rendered":"","protected":false},"excerpt":{"rendered":"","protected":false},"author":1,"featured_media":0,"parent":0,"menu_order":-13,"comment_status":"closed","ping_status":"closed","template":"kindergarten.php","meta":{"_monsterinsights_skip_tracking":false,"_monsterinsights_sitenote_active":false,"_monsterinsights_sitenote_note":"","_monsterinsights_sitenote_category":0,"footnotes":""},"class_list":["post-2156","page","type-page","status-publish","hentry"],"acf":[],"aioseo_notices":[],"_links":{"self":[{"href":"https:\/\/glacierhotel.com.ua\/ro\/wp-json\/wp\/v2\/pages\/2156","targetHints":{"allow":["GET"]}}],"collection":[{"href":"https:\/\/glacierhotel.com.ua\/ro\/wp-json\/wp\/v2\/pages"}],"about":[{"href":"https:\/\/glacierhotel.com.ua\/ro\/wp-json\/wp\/v2\/types\/page"}],"author":[{"embeddable":true,"href":"https:\/\/glacierhotel.com.ua\/ro\/wp-json\/wp\/v2\/users\/1"}],"replies":[{"embeddable":true,"href":"https:\/\/glacierhotel.com.ua\/ro\/wp-json\/wp\/v2\/comments?post=2156"}],"version-history":[{"count":9,"href":"https:\/\/glacierhotel.com.ua\/ro\/wp-json\/wp\/v2\/pages\/2156\/revisions"}],"predecessor-version":[{"id":2984,"href":"https:\/\/glacierhotel.com.ua\/ro\/wp-json\/wp\/v2\/pages\/2156\/revisions\/2984"}],"wp:attachment":[{"href":"https:\/\/glacierhotel.com.ua\/ro\/wp-json\/wp\/v2\/media?parent=2156"}],"curies":[{"name":"wp","href":"https:\/\/api.w.org\/{rel}","templated":true}]}}